{"id":624,"date":"2021-10-22T05:23:13","date_gmt":"2021-10-22T08:23:13","guid":{"rendered":"https:\/\/usinagemcastro.com.br\/?page_id=624"},"modified":"2021-10-22T06:04:19","modified_gmt":"2021-10-22T09:04:19","slug":"sobre-nos","status":"publish","type":"page","link":"https:\/\/usinagemcastro.com.br\/index.php\/sobre-nos\/","title":{"rendered":"Sobre N\u00f3s"},"content":{"rendered":"\t\t<div data-elementor-type=\"wp-page\" data-elementor-id=\"624\" class=\"elementor elementor-624\" data-elementor-settings=\"[]\">\n\t\t\t\t\t\t\t<div class=\"elementor-section-wrap\">\n\t\t\t\t\t\t\t<section class=\"elementor-section elementor-top-section elementor-element elementor-element-d481069 elementor-section-boxed elementor-section-height-default elementor-section-height-default parallax_section_no qode_elementor_container_no\" data-id=\"d481069\" data-element_type=\"section\">\n\t\t\t\t\t\t<div class=\"elementor-container elementor-column-gap-default\">\n\t\t\t\t\t<div class=\"elementor-column elementor-col-100 elementor-top-column elementor-element elementor-element-acf001e\" data-id=\"acf001e\" data-element_type=\"column\">\n\t\t\t<div class=\"elementor-widget-wrap elementor-element-populated\">\n\t\t\t\t\t\t\t\t<div class=\"elementor-element elementor-element-1a3703c elementor-widget elementor-widget-heading\" data-id=\"1a3703c\" data-element_type=\"widget\" data-widget_type=\"heading.default\">\n\t\t\t\t<div class=\"elementor-widget-container\">\n\t\t\t<h2 class=\"elementor-heading-title elementor-size-default\">Sobre N\u00f3s<\/h2>\t\t<\/div>\n\t\t\t\t<\/div>\n\t\t\t\t\t<\/div>\n\t\t<\/div>\n\t\t\t\t\t\t\t<\/div>\n\t\t<\/section>\n\t\t\t\t<section class=\"elementor-section elementor-top-section elementor-element elementor-element-144d9e1 elementor-section-boxed elementor-section-height-default elementor-section-height-default parallax_section_no qode_elementor_container_no\" data-id=\"144d9e1\" data-element_type=\"section\">\n\t\t\t\t\t\t<div class=\"elementor-container elementor-column-gap-default\">\n\t\t\t\t\t<div class=\"elementor-column elementor-col-33 elementor-top-column elementor-element elementor-element-89d6f81\" data-id=\"89d6f81\" data-element_type=\"column\">\n\t\t\t<div class=\"elementor-widget-wrap elementor-element-populated\">\n\t\t\t\t\t\t\t\t<div class=\"elementor-element elementor-element-5876b19 elementor-widget elementor-widget-image\" data-id=\"5876b19\" data-element_type=\"widget\" data-widget_type=\"image.default\">\n\t\t\t\t<div class=\"elementor-widget-container\">\n\t\t\t\t\t\t\t\t\t\t\t\t\t\t\t<img width=\"606\" height=\"606\" src=\"https:\/\/usinagemcastro.com.br\/wp-content\/uploads\/2021\/10\/IMG_8374.jpg\" class=\"attachment-large size-large\" alt=\"\" loading=\"lazy\" srcset=\"https:\/\/usinagemcastro.com.br\/wp-content\/uploads\/2021\/10\/IMG_8374.jpg 606w, https:\/\/usinagemcastro.com.br\/wp-content\/uploads\/2021\/10\/IMG_8374-300x300.jpg 300w, https:\/\/usinagemcastro.com.br\/wp-content\/uploads\/2021\/10\/IMG_8374-150x150.jpg 150w, https:\/\/usinagemcastro.com.br\/wp-content\/uploads\/2021\/10\/IMG_8374-570x570.jpg 570w, https:\/\/usinagemcastro.com.br\/wp-content\/uploads\/2021\/10\/IMG_8374-500x500.jpg 500w\" sizes=\"(max-width: 606px) 100vw, 606px\" \/>\t\t\t\t\t\t\t\t\t\t\t\t\t\t\t<\/div>\n\t\t\t\t<\/div>\n\t\t\t\t<div class=\"elementor-element elementor-element-990ffc0 elementor-widget elementor-widget-heading\" data-id=\"990ffc0\" data-element_type=\"widget\" data-widget_type=\"heading.default\">\n\t\t\t\t<div class=\"elementor-widget-container\">\n\t\t\t<h5 class=\"elementor-heading-title elementor-size-default\">NOSSOS SERVI\u00c7OS<\/h5>\t\t<\/div>\n\t\t\t\t<\/div>\n\t\t\t\t<div class=\"elementor-element elementor-element-15a6220 elementor-widget elementor-widget-text-editor\" data-id=\"15a6220\" data-element_type=\"widget\" data-widget_type=\"text-editor.default\">\n\t\t\t\t<div class=\"elementor-widget-container\">\n\t\t\t\t\t\t\t<p><span style=\"font-weight: 400;\">Trabalhamos com uma equipe com conhecimentos pr\u00e1ticos\/te\u00f3ricos que garante a qualidade do nosso processo produtivo.<\/span><\/p><p><span style=\"font-weight: 400;\">Atuamos principalmente nos setores de Siderurgia, metalurgia, minera\u00e7\u00e3o, manuten\u00e7\u00e3o industrial e mec\u00e2nica, ind\u00fastria cimenteira, naval, petrol\u00edfera.<\/span><\/p>\t\t\t\t\t\t<\/div>\n\t\t\t\t<\/div>\n\t\t\t\t\t<\/div>\n\t\t<\/div>\n\t\t\t\t<div class=\"elementor-column elementor-col-33 elementor-top-column elementor-element elementor-element-9276f23\" data-id=\"9276f23\" data-element_type=\"column\">\n\t\t\t<div class=\"elementor-widget-wrap elementor-element-populated\">\n\t\t\t\t\t\t\t\t<div class=\"elementor-element elementor-element-2332560 elementor-widget elementor-widget-image\" data-id=\"2332560\" data-element_type=\"widget\" data-widget_type=\"image.default\">\n\t\t\t\t<div class=\"elementor-widget-container\">\n\t\t\t\t\t\t\t\t\t\t\t\t\t\t\t<img width=\"870\" height=\"870\" src=\"https:\/\/usinagemcastro.com.br\/wp-content\/uploads\/2021\/10\/IMG_83832.jpg\" class=\"attachment-large size-large\" alt=\"\" loading=\"lazy\" srcset=\"https:\/\/usinagemcastro.com.br\/wp-content\/uploads\/2021\/10\/IMG_83832.jpg 870w, https:\/\/usinagemcastro.com.br\/wp-content\/uploads\/2021\/10\/IMG_83832-300x300.jpg 300w, https:\/\/usinagemcastro.com.br\/wp-content\/uploads\/2021\/10\/IMG_83832-150x150.jpg 150w, https:\/\/usinagemcastro.com.br\/wp-content\/uploads\/2021\/10\/IMG_83832-768x768.jpg 768w, https:\/\/usinagemcastro.com.br\/wp-content\/uploads\/2021\/10\/IMG_83832-570x570.jpg 570w, https:\/\/usinagemcastro.com.br\/wp-content\/uploads\/2021\/10\/IMG_83832-500x500.jpg 500w, https:\/\/usinagemcastro.com.br\/wp-content\/uploads\/2021\/10\/IMG_83832-700x700.jpg 700w\" sizes=\"(max-width: 870px) 100vw, 870px\" \/>\t\t\t\t\t\t\t\t\t\t\t\t\t\t\t<\/div>\n\t\t\t\t<\/div>\n\t\t\t\t<div class=\"elementor-element elementor-element-36cef76 elementor-widget elementor-widget-heading\" data-id=\"36cef76\" data-element_type=\"widget\" data-widget_type=\"heading.default\">\n\t\t\t\t<div class=\"elementor-widget-container\">\n\t\t\t<h5 class=\"elementor-heading-title elementor-size-default\">GARANTIMOS QUALIDADE<\/h5>\t\t<\/div>\n\t\t\t\t<\/div>\n\t\t\t\t<div class=\"elementor-element elementor-element-ede0049 elementor-widget elementor-widget-text-editor\" data-id=\"ede0049\" data-element_type=\"widget\" data-widget_type=\"text-editor.default\">\n\t\t\t\t<div class=\"elementor-widget-container\">\n\t\t\t\t\t\t\t<p><span style=\"font-weight: 400;\">Temos como pol\u00edtica de qualidade: Fornecer produtos e servi\u00e7os que atendam as exig\u00eancias dos nossos clientes, garantindo a satisfa\u00e7\u00e3o de todos, buscando a melhoria cont\u00ednua dos nossos processos.<\/span><\/p><p><span style=\"font-weight: 400;\">Somos uma empresa certificada ISO9001.<\/span><\/p><p><span style=\"font-weight: 400;\">Fabricamos itens sobre encomenda respeitando as normas vigentes (ASTM, SAE, DIN) e de acordo com a especifica\u00e7\u00e3o do consumidor final.<\/span><\/p><p><span style=\"font-weight: 400;\">Nosso maquin\u00e1rio\/equipamento \u00e9 atual\/moderno e passa por manuten\u00e7\u00f5es preventivas e peri\u00f3dicas que garante a qualidade da produ\u00e7\u00e3o. A mat\u00e9ria prima utilizada \u00e9 totalmente certificada e seus registros ficam arquivos para posteriores consultas.<\/span><\/p>\t\t\t\t\t\t<\/div>\n\t\t\t\t<\/div>\n\t\t\t\t\t<\/div>\n\t\t<\/div>\n\t\t\t\t<div class=\"elementor-column elementor-col-33 elementor-top-column elementor-element elementor-element-a9b17ee\" data-id=\"a9b17ee\" data-element_type=\"column\">\n\t\t\t<div class=\"elementor-widget-wrap elementor-element-populated\">\n\t\t\t\t\t\t\t\t<div class=\"elementor-element elementor-element-d5cfd97 elementor-widget elementor-widget-image\" data-id=\"d5cfd97\" data-element_type=\"widget\" data-widget_type=\"image.default\">\n\t\t\t\t<div class=\"elementor-widget-container\">\n\t\t\t\t\t\t\t\t\t\t\t\t\t\t\t<img width=\"1024\" height=\"1024\" src=\"https:\/\/usinagemcastro.com.br\/wp-content\/uploads\/2021\/10\/IMG_8467-1024x1024-1-1024x1024.jpg\" class=\"attachment-large size-large\" alt=\"\" loading=\"lazy\" srcset=\"https:\/\/usinagemcastro.com.br\/wp-content\/uploads\/2021\/10\/IMG_8467-1024x1024-1.jpg 1024w, https:\/\/usinagemcastro.com.br\/wp-content\/uploads\/2021\/10\/IMG_8467-1024x1024-1-300x300.jpg 300w, https:\/\/usinagemcastro.com.br\/wp-content\/uploads\/2021\/10\/IMG_8467-1024x1024-1-150x150.jpg 150w, https:\/\/usinagemcastro.com.br\/wp-content\/uploads\/2021\/10\/IMG_8467-1024x1024-1-768x768.jpg 768w, https:\/\/usinagemcastro.com.br\/wp-content\/uploads\/2021\/10\/IMG_8467-1024x1024-1-570x570.jpg 570w, https:\/\/usinagemcastro.com.br\/wp-content\/uploads\/2021\/10\/IMG_8467-1024x1024-1-500x500.jpg 500w, https:\/\/usinagemcastro.com.br\/wp-content\/uploads\/2021\/10\/IMG_8467-1024x1024-1-1000x1000.jpg 1000w, https:\/\/usinagemcastro.com.br\/wp-content\/uploads\/2021\/10\/IMG_8467-1024x1024-1-700x700.jpg 700w\" sizes=\"(max-width: 1024px) 100vw, 1024px\" \/>\t\t\t\t\t\t\t\t\t\t\t\t\t\t\t<\/div>\n\t\t\t\t<\/div>\n\t\t\t\t<div class=\"elementor-element elementor-element-abd259d elementor-widget elementor-widget-heading\" data-id=\"abd259d\" data-element_type=\"widget\" data-widget_type=\"heading.default\">\n\t\t\t\t<div class=\"elementor-widget-container\">\n\t\t\t<h5 class=\"elementor-heading-title elementor-size-default\">PROCESSO PRODUTIVO<\/h5>\t\t<\/div>\n\t\t\t\t<\/div>\n\t\t\t\t<div class=\"elementor-element elementor-element-2d12045 elementor-widget elementor-widget-text-editor\" data-id=\"2d12045\" data-element_type=\"widget\" data-widget_type=\"text-editor.default\">\n\t\t\t\t<div class=\"elementor-widget-container\">\n\t\t\t\t\t\t\t<p><span style=\"font-weight: 400;\">Em nosso processo produtivo contamos com m\u00e1quinas que nos d\u00e3o capacidade para forjamento a quente de pe\u00e7as com di\u00e2metro de at\u00e9 3\u201d e comprimento de 3000mm. Nossa produ\u00e7\u00e3o \u00e9 totalmente feita sobre encomenda, deste modo, conseguimos atender as necessidades dos clientes nos quesitos: quantidade e prazo de entrega.<\/span><\/p>\t\t\t\t\t\t<\/div>\n\t\t\t\t<\/div>\n\t\t\t\t\t<\/div>\n\t\t<\/div>\n\t\t\t\t\t\t\t<\/div>\n\t\t<\/section>\n\t\t\t\t<section class=\"elementor-section elementor-top-section elementor-element elementor-element-671b44d elementor-section-boxed elementor-section-height-default elementor-section-height-default parallax_section_no qode_elementor_container_no\" data-id=\"671b44d\" data-element_type=\"section\" data-settings=\"{&quot;background_background&quot;:&quot;classic&quot;}\">\n\t\t\t\t\t\t<div class=\"elementor-container elementor-column-gap-default\">\n\t\t\t\t\t<div class=\"elementor-column elementor-col-33 elementor-top-column elementor-element elementor-element-079cba7\" data-id=\"079cba7\" data-element_type=\"column\">\n\t\t\t<div class=\"elementor-widget-wrap elementor-element-populated\">\n\t\t\t\t\t\t\t\t<div class=\"elementor-element elementor-element-ed612d1 elementor-widget elementor-widget-image\" data-id=\"ed612d1\" data-element_type=\"widget\" data-widget_type=\"image.default\">\n\t\t\t\t<div class=\"elementor-widget-container\">\n\t\t\t\t\t\t\t\t\t\t\t\t\t\t\t<img width=\"170\" height=\"100\" src=\"https:\/\/usinagemcastro.com.br\/wp-content\/uploads\/2021\/10\/logo-uc.png\" class=\"attachment-large size-large\" alt=\"\" loading=\"lazy\" \/>\t\t\t\t\t\t\t\t\t\t\t\t\t\t\t<\/div>\n\t\t\t\t<\/div>\n\t\t\t\t\t<\/div>\n\t\t<\/div>\n\t\t\t\t<div class=\"elementor-column elementor-col-33 elementor-top-column elementor-element elementor-element-4bd41f4\" data-id=\"4bd41f4\" data-element_type=\"column\">\n\t\t\t<div class=\"elementor-widget-wrap elementor-element-populated\">\n\t\t\t\t\t\t\t\t<div class=\"elementor-element elementor-element-a93af81 elementor-widget elementor-widget-heading\" data-id=\"a93af81\" data-element_type=\"widget\" data-widget_type=\"heading.default\">\n\t\t\t\t<div class=\"elementor-widget-container\">\n\t\t\t<h2 class=\"elementor-heading-title elementor-size-default\">Mapa do Site<\/h2>\t\t<\/div>\n\t\t\t\t<\/div>\n\t\t\t\t<div class=\"elementor-element elementor-element-5996ed7 elementor-widget elementor-widget-heading\" data-id=\"5996ed7\" data-element_type=\"widget\" data-widget_type=\"heading.default\">\n\t\t\t\t<div class=\"elementor-widget-container\">\n\t\t\t<h2 class=\"elementor-heading-title elementor-size-default\">In\u00edcio<br>Sobre N\u00f3s<br>Portf\u00f3lio<br>Contato<br>Certificados<\/h2>\t\t<\/div>\n\t\t\t\t<\/div>\n\t\t\t\t\t<\/div>\n\t\t<\/div>\n\t\t\t\t<div class=\"elementor-column elementor-col-33 elementor-top-column elementor-element elementor-element-b8bed89\" data-id=\"b8bed89\" data-element_type=\"column\">\n\t\t\t<div class=\"elementor-widget-wrap elementor-element-populated\">\n\t\t\t\t\t\t\t\t<div class=\"elementor-element elementor-element-3ac6c7b elementor-widget elementor-widget-heading\" data-id=\"3ac6c7b\" data-element_type=\"widget\" data-widget_type=\"heading.default\">\n\t\t\t\t<div class=\"elementor-widget-container\">\n\t\t\t<h2 class=\"elementor-heading-title elementor-size-default\">Certificados<\/h2>\t\t<\/div>\n\t\t\t\t<\/div>\n\t\t\t\t<div class=\"elementor-element elementor-element-f62274e elementor-widget elementor-widget-image\" data-id=\"f62274e\" data-element_type=\"widget\" data-widget_type=\"image.default\">\n\t\t\t\t<div class=\"elementor-widget-container\">\n\t\t\t\t\t\t\t\t\t\t\t\t\t\t\t<img width=\"1024\" height=\"346\" src=\"https:\/\/usinagemcastro.com.br\/wp-content\/uploads\/2021\/10\/logo-rina-1024x346.jpg\" class=\"attachment-large size-large\" alt=\"\" loading=\"lazy\" srcset=\"https:\/\/usinagemcastro.com.br\/wp-content\/uploads\/2021\/10\/logo-rina-1024x346.jpg 1024w, https:\/\/usinagemcastro.com.br\/wp-content\/uploads\/2021\/10\/logo-rina-300x101.jpg 300w, https:\/\/usinagemcastro.com.br\/wp-content\/uploads\/2021\/10\/logo-rina-768x260.jpg 768w, https:\/\/usinagemcastro.com.br\/wp-content\/uploads\/2021\/10\/logo-rina-1536x520.jpg 1536w, https:\/\/usinagemcastro.com.br\/wp-content\/uploads\/2021\/10\/logo-rina-2048x693.jpg 2048w, https:\/\/usinagemcastro.com.br\/wp-content\/uploads\/2021\/10\/logo-rina-700x237.jpg 700w\" sizes=\"(max-width: 1024px) 100vw, 1024px\" \/>\t\t\t\t\t\t\t\t\t\t\t\t\t\t\t<\/div>\n\t\t\t\t<\/div>\n\t\t\t\t\t<\/div>\n\t\t<\/div>\n\t\t\t\t\t\t\t<\/div>\n\t\t<\/section>\n\t\t\t\t\t\t<\/div>\n\t\t\t\t\t<\/div>\n\t\t","protected":false},"excerpt":{"rendered":"<p>Sobre N\u00f3s NOSSOS SERVI\u00c7OS Trabalhamos com uma equipe com conhecimentos pr\u00e1ticos\/te\u00f3ricos que garante a qualidade do nosso processo produtivo. Atuamos principalmente nos setores de Siderurgia, metalurgia, minera\u00e7\u00e3o, manuten\u00e7\u00e3o industrial e mec\u00e2nica, ind\u00fastria cimenteira, naval, petrol\u00edfera. GARANTIMOS QUALIDADE Temos como pol\u00edtica de qualidade: Fornecer produtos e&#8230;<\/p>\n","protected":false},"author":1,"featured_media":0,"parent":0,"menu_order":0,"comment_status":"closed","ping_status":"closed","template":"elementor_header_footer","meta":{"om_disable_all_campaigns":false,"_monsterinsights_skip_tracking":false,"_monsterinsights_sitenote_active":false,"_monsterinsights_sitenote_note":"","_monsterinsights_sitenote_category":0},"_links":{"self":[{"href":"https:\/\/usinagemcastro.com.br\/index.php\/wp-json\/wp\/v2\/pages\/624"}],"collection":[{"href":"https:\/\/usinagemcastro.com.br\/index.php\/wp-json\/wp\/v2\/pages"}],"about":[{"href":"https:\/\/usinagemcastro.com.br\/index.php\/wp-json\/wp\/v2\/types\/page"}],"author":[{"embeddable":true,"href":"https:\/\/usinagemcastro.com.br\/index.php\/wp-json\/wp\/v2\/users\/1"}],"replies":[{"embeddable":true,"href":"https:\/\/usinagemcastro.com.br\/index.php\/wp-json\/wp\/v2\/comments?post=624"}],"version-history":[{"count":10,"href":"https:\/\/usinagemcastro.com.br\/index.php\/wp-json\/wp\/v2\/pages\/624\/revisions"}],"predecessor-version":[{"id":705,"href":"https:\/\/usinagemcastro.com.br\/index.php\/wp-json\/wp\/v2\/pages\/624\/revisions\/705"}],"wp:attachment":[{"href":"https:\/\/usinagemcastro.com.br\/index.php\/wp-json\/wp\/v2\/media?parent=624"}],"curies":[{"name":"wp","href":"https:\/\/api.w.org\/{rel}","templated":true}]}}